{"id":5078,"date":"2025-06-26T08:25:40","date_gmt":"2025-06-26T07:25:40","guid":{"rendered":"https:\/\/tradidancas.pt\/?page_id=5078"},"modified":"2025-06-26T08:29:24","modified_gmt":"2025-06-26T07:29:24","slug":"politica-de-cookies","status":"publish","type":"page","link":"https:\/\/tradidancas.pt\/en\/politica-de-cookies\/","title":{"rendered":"Pol\u00edtica de Cookies"},"content":{"rendered":"<h1 class=\"wp-block-heading\">Pol\u00edtica de Cookies<\/h1>\n\n\n\n<p>Data efectiva: 26-Jun-2025<br>\u00daltima atualiza\u00e7\u00e3o: 26-Jun-2025<\/p>\n\n\n\n<h5 class=\"wp-block-heading\" style=\"margin-top:var(--wp--preset--spacing--60)\">O que s\u00e3o Cookies?<\/h5>\n\n\n\n<p>Esta Pol\u00edtica de Cookies explica o que s\u00e3o cookies e como os utilizamos, os tipos de cookies que utilizamos, ou seja, as informa\u00e7\u00f5es que recolhemos utilizando cookies e como essas informa\u00e7\u00f5es s\u00e3o utilizadas, e como gerir as defini\u00e7\u00f5es de cookies.<\/p>\n\n\n\n<p>Os cookies s\u00e3o pequenos ficheiros de texto que s\u00e3o utilizados para armazenar pequenas informa\u00e7\u00f5es. S\u00e3o armazenados no seu dispositivo quando o s\u00edtio Web \u00e9 carregado no seu navegador. Estes cookies ajudam-nos a fazer com que o s\u00edtio Web funcione corretamente, a torn\u00e1-lo mais seguro, a proporcionar uma melhor experi\u00eancia ao utilizador e a compreender o desempenho do s\u00edtio Web, bem como a analisar o que funciona e onde \u00e9 necess\u00e1rio melhorar.<\/p>\n\n\n\n<h5 class=\"wp-block-heading\" style=\"margin-top:var(--wp--preset--spacing--60)\">Como \u00e9 que utilizamos os cookies?<\/h5>\n\n\n\n<p>Tal como a maioria dos servi\u00e7os em linha, o nosso website utiliza cookies pr\u00f3prios e de terceiros para diversos fins. Os cookies pr\u00f3prios s\u00e3o essencialmente necess\u00e1rios para que o website funcione corretamente e n\u00e3o recolhem quaisquer dados pessoais identific\u00e1veis do utilizador.<\/p>\n\n\n\n<p>Os cookies de terceiros utilizados no nosso s\u00edtio Web destinam-se principalmente a compreender o desempenho do s\u00edtio Web, a forma como o utilizador interage com o nosso s\u00edtio Web, a manter os nossos servi\u00e7os seguros, a fornecer an\u00fancios que sejam relevantes para o utilizador e, em suma, a proporcionar-lhe uma experi\u00eancia de utilizador melhor e mais aperfei\u00e7oada e a ajudar a acelerar as suas futuras intera\u00e7\u00f5es com o nosso s\u00edtio Web.<\/p>\n\n\n\n<h5 class=\"wp-block-heading\" style=\"margin-top:var(--wp--preset--spacing--60)\">Pol\u00edtica de Cookies<\/h5>\n\n\n\n<div class=\"cky-audit-table-element\"><\/div>\n\n\n\n<h5 class=\"wp-block-heading\" style=\"margin-top:var(--wp--preset--spacing--60)\">Gerir as prefer\u00eancias de cookies<\/h5>\n\n\n\n<a class=\"cky-banner-element\">Cookie Settings<\/a> <br\/>\n\n<div><p>Pode alterar as suas prefer\u00eancias de cookies em qualquer altura, clicando no bot\u00e3o acima. Isto permitir-lhe-\u00e1 voltar a visitar a faixa de consentimento de cookies e alterar as suas prefer\u00eancias ou retirar o seu consentimento de imediato.<\/p><p>Al\u00e9m disso, diferentes navegadores fornecem diferentes m\u00e9todos para bloquear e apagar os cookies utilizados pelos s\u00edtios Web. Pode alterar as defini\u00e7\u00f5es do seu navegador para bloquear\/eliminar os cookies. Seguem-se as liga\u00e7\u00f5es para os documentos de apoio sobre como gerir e eliminar cookies dos principais navegadores Web.<\/p><p>Chrome: <a href=\"https:\/\/support.google.com\/accounts\/answer\/32050\" rel=\"noopener noreferrer\" target=\"_blank\">https:\/\/support.google.com\/accounts\/answer\/32050<\/a><\/p><p>Safari: <a href=\"https:\/\/support.apple.com\/en-in\/guide\/safari\/sfri11471\/mac\" rel=\"noopener noreferrer\" target=\"_blank\">https:\/\/support.apple.com\/en-in\/guide\/safari\/sfri11471\/mac<\/a><\/p><p>Firefox: <a href=\"https:\/\/support.mozilla.org\/en-US\/kb\/clear-cookies-and-site-data-firefox?redirectslug=delete-cookies-remove-info-websites-stored&#038;redirectlocale=en-US\" rel=\"noopener noreferrer\" target=\"_blank\">https:\/\/support.mozilla.org\/en-US\/kb\/clear-cookies-and-site-data-firefox?redirectslug=delete-cookies-remove-info-websites-stored&#038;redirectlocale=en-US<\/a><\/p><p>Internet Explorer: <a href=\"https:\/\/support.microsoft.com\/en-us\/topic\/how-to-delete-cookie-files-in-internet-explorer-bca9446f-d873-78de-77ba-d42645fa52fc\" rel=\"noopener noreferrer\" target=\"_blank\">https:\/\/support.microsoft.com\/en-us\/topic\/how-to-delete-cookie-files-in-internet-explorer-bca9446f-d873-78de-77ba-d42645fa52fc<\/a><\/p><p>Se estiver a utilizar qualquer outro navegador Web, consulte os documentos de apoio oficiais do seu navegador.<\/p><\/div>\n\n\n\n<div style=\"height:100px\" aria-hidden=\"true\" class=\"wp-block-spacer\"><\/div>","protected":false},"excerpt":{"rendered":"<p>Pol\u00edtica de Cookies Data efectiva: 26-Jun-2025\u00daltima atualiza\u00e7\u00e3o: 26-Jun-2025 O que s\u00e3o Cookies? Esta Pol\u00edtica de Cookies explica o que s\u00e3o cookies e como os utilizamos, os tipos de cookies que utilizamos, ou seja, as informa\u00e7\u00f5es que recolhemos utilizando cookies e como essas informa\u00e7\u00f5es s\u00e3o utilizadas, e como gerir as defini\u00e7\u00f5es de cookies. Os cookies s\u00e3o [&hellip;]<\/p>\n","protected":false},"author":1,"featured_media":0,"parent":0,"menu_order":0,"comment_status":"closed","ping_status":"closed","template":"","meta":{"_uag_custom_page_level_css":"","site-sidebar-layout":"default","site-content-layout":"","ast-site-content-layout":"default","site-content-style":"default","site-sidebar-style":"default","ast-global-header-display":"","ast-banner-title-visibility":"","ast-main-header-display":"","ast-hfb-above-header-display":"","ast-hfb-below-header-display":"","ast-hfb-mobile-header-display":"","site-post-title":"disabled","ast-breadcrumbs-content":"","ast-featured-img":"","footer-sml-layout":"","ast-disable-related-posts":"","theme-transparent-header-meta":"","adv-header-id-meta":"","stick-header-meta":"","header-above-stick-meta":"","header-main-stick-meta":"","header-below-stick-meta":"","astra-migrate-meta-layouts":"set","ast-page-background-enabled":"default","ast-page-background-meta":{"desktop":{"background-color":"var(--ast-global-color-4)","background-image":"","background-repeat":"repeat","background-position":"center center","background-size":"auto","background-attachment":"scroll","background-type":"","background-media":"","overlay-type":"","overlay-color":"","overlay-opacity":"","overlay-gradient":""},"tablet":{"background-color":"","background-image":"","background-repeat":"repeat","background-position":"center center","background-size":"auto","background-attachment":"scroll","background-type":"","background-media":"","overlay-type":"","overlay-color":"","overlay-opacity":"","overlay-gradient":""},"mobile":{"background-color":"","background-image":"","background-repeat":"repeat","background-position":"center center","background-size":"auto","background-attachment":"scroll","background-type":"","background-media":"","overlay-type":"","overlay-color":"","overlay-opacity":"","overlay-gradient":""}},"ast-content-background-meta":{"desktop":{"background-color":"var(--ast-global-color-5)","background-image":"","background-repeat":"repeat","background-position":"center center","background-size":"auto","background-attachment":"scroll","background-type":"","background-media":"","overlay-type":"","overlay-color":"","overlay-opacity":"","overlay-gradient":""},"tablet":{"background-color":"var(--ast-global-color-5)","background-image":"","background-repeat":"repeat","background-position":"center center","background-size":"auto","background-attachment":"scroll","background-type":"","background-media":"","overlay-type":"","overlay-color":"","overlay-opacity":"","overlay-gradient":""},"mobile":{"background-color":"var(--ast-global-color-5)","background-image":"","background-repeat":"repeat","background-position":"center center","background-size":"auto","background-attachment":"scroll","background-type":"","background-media":"","overlay-type":"","overlay-color":"","overlay-opacity":"","overlay-gradient":""}},"footnotes":""},"class_list":["post-5078","page","type-page","status-publish","hentry"],"uagb_featured_image_src":{"full":false,"thumbnail":false,"medium":false,"medium_large":false,"large":false,"1536x1536":false,"2048x2048":false,"trp-custom-language-flag":false,"woocommerce_thumbnail":false,"woocommerce_single":false,"woocommerce_gallery_thumbnail":false},"uagb_author_info":{"display_name":"atsa_fest-dancas-","author_link":"https:\/\/tradidancas.pt\/en\/author\/atsa_fest-dancas\/"},"uagb_comment_info":0,"uagb_excerpt":"Pol\u00edtica de Cookies Data efectiva: 26-Jun-2025\u00daltima atualiza\u00e7\u00e3o: 26-Jun-2025 O que s\u00e3o Cookies? Esta Pol\u00edtica de Cookies explica o que s\u00e3o cookies e como os utilizamos, os tipos de cookies que utilizamos, ou seja, as informa\u00e7\u00f5es que recolhemos utilizando cookies e como essas informa\u00e7\u00f5es s\u00e3o utilizadas, e como gerir as defini\u00e7\u00f5es de cookies. Os cookies s\u00e3o&hellip;","_links":{"self":[{"href":"https:\/\/tradidancas.pt\/en\/wp-json\/wp\/v2\/pages\/5078","targetHints":{"allow":["GET"]}}],"collection":[{"href":"https:\/\/tradidancas.pt\/en\/wp-json\/wp\/v2\/pages"}],"about":[{"href":"https:\/\/tradidancas.pt\/en\/wp-json\/wp\/v2\/types\/page"}],"author":[{"embeddable":true,"href":"https:\/\/tradidancas.pt\/en\/wp-json\/wp\/v2\/users\/1"}],"replies":[{"embeddable":true,"href":"https:\/\/tradidancas.pt\/en\/wp-json\/wp\/v2\/comments?post=5078"}],"version-history":[{"count":3,"href":"https:\/\/tradidancas.pt\/en\/wp-json\/wp\/v2\/pages\/5078\/revisions"}],"predecessor-version":[{"id":5081,"href":"https:\/\/tradidancas.pt\/en\/wp-json\/wp\/v2\/pages\/5078\/revisions\/5081"}],"wp:attachment":[{"href":"https:\/\/tradidancas.pt\/en\/wp-json\/wp\/v2\/media?parent=5078"}],"curies":[{"name":"wp","href":"https:\/\/api.w.org\/{rel}","templated":true}]}}