{"id":3323,"date":"2024-03-20T11:51:42","date_gmt":"2024-03-20T11:51:42","guid":{"rendered":"https:\/\/tradidancas.pt\/?page_id=3323"},"modified":"2025-08-08T12:35:23","modified_gmt":"2025-08-08T11:35:23","slug":"cashless","status":"publish","type":"page","link":"https:\/\/tradidancas.pt\/en\/cashless\/","title":{"rendered":"Cashless"},"content":{"rendered":"<div class=\"wp-block-cover alignfull\" style=\"min-height:300px;aspect-ratio:unset;\"><img decoding=\"async\" width=\"1200\" height=\"900\" class=\"wp-block-cover__image-background wp-image-3324\" alt=\"\" src=\"https:\/\/tradidancas.pt\/wp-content\/uploads\/2024\/03\/cashless-tradidancas.webp\" style=\"object-position:32% 63%\" data-object-fit=\"cover\" data-object-position=\"32% 63%\" srcset=\"https:\/\/tradidancas.pt\/wp-content\/uploads\/2024\/03\/cashless-tradidancas.webp 1200w, https:\/\/tradidancas.pt\/wp-content\/uploads\/2024\/03\/cashless-tradidancas-300x225.webp 300w, https:\/\/tradidancas.pt\/wp-content\/uploads\/2024\/03\/cashless-tradidancas-1024x768.webp 1024w, https:\/\/tradidancas.pt\/wp-content\/uploads\/2024\/03\/cashless-tradidancas-768x576.webp 768w, https:\/\/tradidancas.pt\/wp-content\/uploads\/2024\/03\/cashless-tradidancas-16x12.webp 16w\" sizes=\"(max-width: 1200px) 100vw, 1200px\" \/><span aria-hidden=\"true\" class=\"wp-block-cover__background has-background-dim\"><\/span><div class=\"wp-block-cover__inner-container is-layout-flow wp-block-cover-is-layout-flow\">\n<h2 class=\"wp-block-heading has-text-align-left has-ast-global-color-5-color has-text-color has-link-color has-large-font-size wp-elements-54bda1a3f63fe4935f48b33b12bf3189\"><strong>CASHLESS TERMS AND CONDITIONS<\/strong><\/h2>\n<\/div><\/div>\n\n\n\n<div style=\"height:100px\" aria-hidden=\"true\" class=\"wp-block-spacer\"><\/div>\n\n\n\n<div class=\"wp-block-uagb-advanced-heading uagb-block-f9b24492\"><h3 class=\"uagb-heading-text\"><strong>PROCEDURE<\/strong><\/h3><\/div>\n\n\n\n<div class=\"wp-block-uagb-container uagb-block-1967f94f alignfull uagb-is-root-container\"><div class=\"uagb-container-inner-blocks-wrap\">\n<div class=\"wp-block-uagb-advanced-heading uagb-block-5afa58ea\"><h5 class=\"uagb-heading-text\"><strong>&#8211; Pulseira e Carregamento\/Saldo<\/strong><\/h5><\/div>\n\n\n\n<p>Na compra ou troca do bilhete do Tradidan\u00e7as na Bilheteira do festival, cada participante recebe uma pulseira. O custo de ativa\u00e7\u00e3o da pulseira \u00e9 assumido pela ATASA. Para consumos no recinto, cada pulseira deve ser carregada com saldo.<\/p>\n\n\n\n<div style=\"height:20px\" aria-hidden=\"true\" class=\"wp-block-spacer\"><\/div>\n\n\n\n<p>The bracelets can be loaded as follows:<\/p>\n\n\n\n<ul style=\"padding-top:0;padding-bottom:0\" class=\"wp-block-list\">\n<li style=\"padding-bottom:1rem\"><strong>Carregamentos no Ponto de Carregamento F\u00edsico do Festival:<\/strong><br>&#8211; Cart\u00e3o de d\u00e9bito\/cr\u00e9dito ou numer\u00e1rio<\/li>\n\n\n\n<li style=\"padding-bottom:1rem\"><strong>Carregamentos nos Pontos de Carregamento Autom\u00e1tico do festival<\/strong><br>&#8211; Cart\u00e3o de d\u00e9bito\/cr\u00e9dito<\/li>\n\n\n\n<li style=\"padding-bottom:1rem\"><strong>Carregamentos atrav\u00e9s da app 360CITY FUN:<\/strong><br>&#8211; Descarregar a app 360CITY FUn;<br>&#8211; Registar-se com o seu n\u00famero de telem\u00f3vel ou e-mail;<br>&#8211; Clicar em &#8220;Identificadores&#8221; e ler o QR Code da pulseira ou encost\u00e1-la ao leitor NFC do seu telem\u00f3vel, de forma a associar a sua pulseira ao evento;<br>&#8211; Fazer o carregamento do valor pretendido com o cart\u00e3o d\u00e9bito\/cr\u00e9dito ou MBWAY.<\/li>\n<\/ul>\n\n\n\n<div style=\"height:20px\" aria-hidden=\"true\" class=\"wp-block-spacer\"><\/div>\n<\/div><\/div>\n\n\n\n<div class=\"wp-block-uagb-container uagb-block-e2dc03fe alignfull uagb-is-root-container\"><div class=\"uagb-container-inner-blocks-wrap\">\n<div class=\"wp-block-uagb-advanced-heading uagb-block-7a02d0c0\"><h5 class=\"uagb-heading-text\"><strong>&#8211; Pagamento\/compra<\/strong><\/h5><\/div>\n\n\n\n<p>Each participant must:<\/p>\n\n\n\n<ul class=\"wp-block-list\">\n<li>Place your order;<\/li>\n\n\n\n<li>Confirm the amount and pay by touching the wristband to the terminal;<\/li>\n\n\n\n<li>You can also check your wristband balance in the 360CITY FUN app or at the payment terminal.<\/li>\n<\/ul>\n<\/div><\/div>\n\n\n\n<div class=\"wp-block-uagb-container uagb-block-b359d98c alignfull uagb-is-root-container\"><div class=\"uagb-container-inner-blocks-wrap\">\n<div class=\"wp-block-uagb-advanced-heading uagb-block-7bc2e765\"><h5 class=\"uagb-heading-text\"><strong>- Refund<\/strong><\/h5><\/div>\n\n\n\n<p>At the end of the event, you can request a refund via the following link <a href=\"https:\/\/refund.360city.pt\/\" target=\"_blank\" rel=\"noreferrer noopener\">https:\/\/refund.360city.pt\/<\/a><br>No local refunds.<br>O pedido de reembolso \u00e9 feito online at\u00e9 \u00e0s 23H59 de segunda-feira, dia 11 de agosto de 2025.<\/p>\n\n\n\n<div style=\"height:75px\" aria-hidden=\"true\" class=\"wp-block-spacer\"><\/div>\n<\/div><\/div>","protected":false},"excerpt":{"rendered":"<p>PROCEDIMENTOS &#8211; Pulseira e Carregamento\/Saldo Na compra ou troca do bilhete do Tradidan\u00e7as na Bilheteira do festival, cada participante recebe uma pulseira. O custo de ativa\u00e7\u00e3o da pulseira \u00e9 assumido pela ATASA. Para consumos no recinto, cada pulseira deve ser carregada com saldo. As pulseiras podem ser carregadas da seguinte forma: &#8211; Pagamento\/compra Cada participante [&hellip;]<\/p>\n","protected":false},"author":1,"featured_media":0,"parent":0,"menu_order":0,"comment_status":"closed","ping_status":"closed","template":"","meta":{"_uag_custom_page_level_css":"","site-sidebar-layout":"default","site-content-layout":"","ast-site-content-layout":"default","site-content-style":"default","site-sidebar-style":"default","ast-global-header-display":"","ast-banner-title-visibility":"","ast-main-header-display":"","ast-hfb-above-header-display":"","ast-hfb-below-header-display":"","ast-hfb-mobile-header-display":"","site-post-title":"disabled","ast-breadcrumbs-content":"","ast-featured-img":"","footer-sml-layout":"","ast-disable-related-posts":"","theme-transparent-header-meta":"","adv-header-id-meta":"","stick-header-meta":"","header-above-stick-meta":"","header-main-stick-meta":"","header-below-stick-meta":"","astra-migrate-meta-layouts":"set","ast-page-background-enabled":"default","ast-page-background-meta":{"desktop":{"background-color":"var(--ast-global-color-4)","background-image":"","background-repeat":"repeat","background-position":"center center","background-size":"auto","background-attachment":"scroll","background-type":"","background-media":"","overlay-type":"","overlay-color":"","overlay-opacity":"","overlay-gradient":""},"tablet":{"background-color":"","background-image":"","background-repeat":"repeat","background-position":"center center","background-size":"auto","background-attachment":"scroll","background-type":"","background-media":"","overlay-type":"","overlay-color":"","overlay-opacity":"","overlay-gradient":""},"mobile":{"background-color":"","background-image":"","background-repeat":"repeat","background-position":"center center","background-size":"auto","background-attachment":"scroll","background-type":"","background-media":"","overlay-type":"","overlay-color":"","overlay-opacity":"","overlay-gradient":""}},"ast-content-background-meta":{"desktop":{"background-color":"var(--ast-global-color-5)","background-image":"","background-repeat":"repeat","background-position":"center center","background-size":"auto","background-attachment":"scroll","background-type":"","background-media":"","overlay-type":"","overlay-color":"","overlay-opacity":"","overlay-gradient":""},"tablet":{"background-color":"var(--ast-global-color-5)","background-image":"","background-repeat":"repeat","background-position":"center center","background-size":"auto","background-attachment":"scroll","background-type":"","background-media":"","overlay-type":"","overlay-color":"","overlay-opacity":"","overlay-gradient":""},"mobile":{"background-color":"var(--ast-global-color-5)","background-image":"","background-repeat":"repeat","background-position":"center center","background-size":"auto","background-attachment":"scroll","background-type":"","background-media":"","overlay-type":"","overlay-color":"","overlay-opacity":"","overlay-gradient":""}},"footnotes":""},"class_list":["post-3323","page","type-page","status-publish","hentry"],"uagb_featured_image_src":{"full":false,"thumbnail":false,"medium":false,"medium_large":false,"large":false,"1536x1536":false,"2048x2048":false,"trp-custom-language-flag":false,"woocommerce_thumbnail":false,"woocommerce_single":false,"woocommerce_gallery_thumbnail":false},"uagb_author_info":{"display_name":"atsa_fest-dancas-","author_link":"https:\/\/tradidancas.pt\/en\/author\/atsa_fest-dancas\/"},"uagb_comment_info":0,"uagb_excerpt":"PROCEDIMENTOS &#8211; Pulseira e Carregamento\/Saldo Na compra ou troca do bilhete do Tradidan\u00e7as na Bilheteira do festival, cada participante recebe uma pulseira. O custo de ativa\u00e7\u00e3o da pulseira \u00e9 assumido pela ATASA. Para consumos no recinto, cada pulseira deve ser carregada com saldo. As pulseiras podem ser carregadas da seguinte forma: &#8211; Pagamento\/compra Cada participante&hellip;","_links":{"self":[{"href":"https:\/\/tradidancas.pt\/en\/wp-json\/wp\/v2\/pages\/3323","targetHints":{"allow":["GET"]}}],"collection":[{"href":"https:\/\/tradidancas.pt\/en\/wp-json\/wp\/v2\/pages"}],"about":[{"href":"https:\/\/tradidancas.pt\/en\/wp-json\/wp\/v2\/types\/page"}],"author":[{"embeddable":true,"href":"https:\/\/tradidancas.pt\/en\/wp-json\/wp\/v2\/users\/1"}],"replies":[{"embeddable":true,"href":"https:\/\/tradidancas.pt\/en\/wp-json\/wp\/v2\/comments?post=3323"}],"version-history":[{"count":21,"href":"https:\/\/tradidancas.pt\/en\/wp-json\/wp\/v2\/pages\/3323\/revisions"}],"predecessor-version":[{"id":5620,"href":"https:\/\/tradidancas.pt\/en\/wp-json\/wp\/v2\/pages\/3323\/revisions\/5620"}],"wp:attachment":[{"href":"https:\/\/tradidancas.pt\/en\/wp-json\/wp\/v2\/media?parent=3323"}],"curies":[{"name":"wp","href":"https:\/\/api.w.org\/{rel}","templated":true}]}}